{"id":2454,"date":"2024-03-13T11:46:37","date_gmt":"2024-03-13T09:46:37","guid":{"rendered":"https:\/\/e-orthodoxia.gr\/informatii-despre-publicitate\/"},"modified":"2025-02-11T16:53:41","modified_gmt":"2025-02-11T14:53:41","slug":"informatii-despre-publicitate","status":"publish","type":"page","link":"https:\/\/e-orthodoxia.gr\/ro\/informatii-despre-publicitate\/","title":{"rendered":"Informa\u021bii despre publicitate"},"content":{"rendered":"<div class=\"wpb-content-wrapper\"><p>[vc_row][vc_column width=&#8221;2\/3&#8243;][vc_custom_heading text=&#8221;Dac\u0103 sunte\u021bi creator de obiecte ecleziastice, dac\u0103 sunte\u021bi implicat \u00een arta plastic\u0103 sau dac\u0103 sunte\u021bi comerciant, v\u0103 oferim canalul unei promov\u0103ri dinamice cuprinz\u0103toare pe pia\u021ba extrem de competitiv\u0103 a artei ecleziastice.&#8221; font_container=&#8221;tag:h2|font_size:15pt|text_align:left&#8221; google_fonts=&#8221;font_family:Tinos%3Aregular%2Citalic%2C700%2C700italic|font_style:400%20regular%3A400%3Anormal&#8221;][vc_custom_heading text=&#8221;Pentru mai multe informa\u021bii, v\u0103 rug\u0103m s\u0103 ne contacta\u021bi<br \/>\nprin telefon la num\u0103rul +30 210 9576100<br \/>\nsau prin email:mail@atou.gr&#8221; font_container=&#8221;tag:h2|font_size:15pt|text_align:left&#8221; google_fonts=&#8221;font_family:Tinos%3Aregular%2Citalic%2C700%2C700italic|font_style:400%20regular%3A400%3Anormal&#8221; css=&#8221;&#8221;][\/vc_column][\/vc_row][vc_row disable_element=&#8221;yes&#8221; vc_row_background=&#8221;&#8221;][vc_column][vc_custom_heading text=&#8221;Informa\u021bii publicitare&#8221; font_container=&#8221;tag:h2|font_size:24pt|text_align:left&#8221; google_fonts=&#8221;font_family:Tinos%3Aregular%2Citalic%2C700%2C700italic|font_style:400%20regular%3A400%3Anormal&#8221;][\/vc_column][\/vc_row]<\/p>\n<\/div>","protected":false},"excerpt":{"rendered":"<p>[vc_row][vc_column width=&#8221;2\/3&#8243;][vc_custom_heading text=&#8221;Dac\u0103 sunte\u021bi creator de obiecte ecleziastice, dac\u0103 sunte\u021bi implicat \u00een arta plastic\u0103 sau dac\u0103 sunte\u021bi comerciant, v\u0103 oferim canalul unei promov\u0103ri dinamice cuprinz\u0103toare pe pia\u021ba extrem de competitiv\u0103 a artei ecleziastice.&#8221; font_container=&#8221;tag:h2|font_size:15pt|text_align:left&#8221; google_fonts=&#8221;font_family:Tinos%3Aregular%2Citalic%2C700%2C700italic|font_style:400%20regular%3A400%3Anormal&#8221;][vc_custom_heading text=&#8221;Pentru mai multe informa\u021bii, v\u0103 rug\u0103m s\u0103 ne contacta\u021bi prin telefon la num\u0103rul +30 210 9576100 sau prin email:mail@atou.gr&#8221; font_container=&#8221;tag:h2|font_size:15pt|text_align:left&#8221; [&hellip;]<\/p>\n","protected":false},"author":1,"featured_media":0,"parent":0,"menu_order":0,"comment_status":"closed","ping_status":"closed","template":"","meta":{"jnews_page_loop":{"first_title":"Latest Post","header_type":"heading_6","layout":"right-sidebar","sidebar":"default-sidebar","second_sidebar":"default-sidebar","sticky_sidebar":"1","module":"3","excerpt_length":"20","content_date":"default","date_custom":"Y\/m\/d","content_pagination":"nav_1","pagination_align":"center","post_sticky":"0","post_offset":"0","posts_per_page":"5","sort_by":"latest"},"jnews_single_page":{"layout":"no-sidebar","sidebar":"default-sidebar","second_sidebar":"default-sidebar","sticky_sidebar":"1","show_post_title":"1","show_post_breadcrumbs":"0","show_post_featured":"0","share_position":"hide","share_color":"share-monocrhome"},"footnotes":""},"class_list":["post-2454","page","type-page","status-publish","hentry"],"yoast_head":"<!-- This site is optimized with the Yoast SEO plugin v25.4 - https:\/\/yoast.com\/wordpress\/plugins\/seo\/ -->\n<title>Informa\u021bii despre publicitate - ORTHODOXIA rt\u0103 ecleziastic\u0103 Ghid<\/title>\n<meta name=\"robots\" content=\"index, follow, max-snippet:-1, max-image-preview:large, max-video-preview:-1\" \/>\n<link rel=\"canonical\" href=\"https:\/\/e-orthodoxia.gr\/ro\/informatii-despre-publicitate\/\" \/>\n<meta property=\"og:locale\" content=\"ro_RO\" \/>\n<meta property=\"og:type\" content=\"article\" \/>\n<meta property=\"og:title\" content=\"Informa\u021bii despre publicitate - ORTHODOXIA rt\u0103 ecleziastic\u0103 Ghid\" \/>\n<meta property=\"og:description\" content=\"[vc_row][vc_column width=&#8221;2\/3&#8243;][vc_custom_heading text=&#8221;Dac\u0103 sunte\u021bi creator de obiecte ecleziastice, dac\u0103 sunte\u021bi implicat \u00een arta plastic\u0103 sau dac\u0103 sunte\u021bi comerciant, v\u0103 oferim canalul unei promov\u0103ri dinamice cuprinz\u0103toare pe pia\u021ba extrem de competitiv\u0103 a artei ecleziastice.&#8221; font_container=&#8221;tag:h2|font_size:15pt|text_align:left&#8221; google_fonts=&#8221;font_family:Tinos%3Aregular%2Citalic%2C700%2C700italic|font_style:400%20regular%3A400%3Anormal&#8221;][vc_custom_heading text=&#8221;Pentru mai multe informa\u021bii, v\u0103 rug\u0103m s\u0103 ne contacta\u021bi prin telefon la num\u0103rul +30 210 9576100 sau prin email:mail@atou.gr&#8221; font_container=&#8221;tag:h2|font_size:15pt|text_align:left&#8221; [&hellip;]\" \/>\n<meta property=\"og:url\" content=\"https:\/\/e-orthodoxia.gr\/ro\/informatii-despre-publicitate\/\" \/>\n<meta property=\"og:site_name\" content=\"ORTHODOXIA rt\u0103 ecleziastic\u0103 Ghid\" \/>\n<meta property=\"article:modified_time\" content=\"2025-02-11T14:53:41+00:00\" \/>\n<meta name=\"twitter:card\" content=\"summary_large_image\" \/>\n<meta name=\"twitter:label1\" content=\"Timp estimat pentru citire\" \/>\n\t<meta name=\"twitter:data1\" content=\"1 minut\" \/>\n<script type=\"application\/ld+json\" class=\"yoast-schema-graph\">{\"@context\":\"https:\/\/schema.org\",\"@graph\":[{\"@type\":\"WebPage\",\"@id\":\"https:\/\/e-orthodoxia.gr\/ro\/informatii-despre-publicitate\/\",\"url\":\"https:\/\/e-orthodoxia.gr\/ro\/informatii-despre-publicitate\/\",\"name\":\"Informa\u021bii despre publicitate - ORTHODOXIA rt\u0103 ecleziastic\u0103 Ghid\",\"isPartOf\":{\"@id\":\"https:\/\/e-orthodoxia.gr\/#website\"},\"datePublished\":\"2024-03-13T09:46:37+00:00\",\"dateModified\":\"2025-02-11T14:53:41+00:00\",\"breadcrumb\":{\"@id\":\"https:\/\/e-orthodoxia.gr\/ro\/informatii-despre-publicitate\/#breadcrumb\"},\"inLanguage\":\"ro-RO\",\"potentialAction\":[{\"@type\":\"ReadAction\",\"target\":[\"https:\/\/e-orthodoxia.gr\/ro\/informatii-despre-publicitate\/\"]}]},{\"@type\":\"BreadcrumbList\",\"@id\":\"https:\/\/e-orthodoxia.gr\/ro\/informatii-despre-publicitate\/#breadcrumb\",\"itemListElement\":[{\"@type\":\"ListItem\",\"position\":1,\"name\":\"\u0391\u03c1\u03c7\u03b9\u03ba\u03ae\",\"item\":\"https:\/\/e-orthodoxia.gr\/ro\/\"},{\"@type\":\"ListItem\",\"position\":2,\"name\":\"Informa\u021bii despre publicitate\"}]},{\"@type\":\"WebSite\",\"@id\":\"https:\/\/e-orthodoxia.gr\/#website\",\"url\":\"https:\/\/e-orthodoxia.gr\/\",\"name\":\"\u039f\u03b4\u03b7\u03b3\u03cc\u03c2 \u0395\u03ba\u03ba\u03bb\u03b7\u03c3\u03b9\u03b1\u03c3\u03c4\u03b9\u03ba\u03ae\u03c2 \u03a4\u03ad\u03c7\u03bd\u03b7\u03c2 \u039f\u03a1\u0398\u039f\u0394\u039f\u039e\u0399\u0391\",\"description\":\"\",\"publisher\":{\"@id\":\"https:\/\/e-orthodoxia.gr\/#organization\"},\"potentialAction\":[{\"@type\":\"SearchAction\",\"target\":{\"@type\":\"EntryPoint\",\"urlTemplate\":\"https:\/\/e-orthodoxia.gr\/?s={search_term_string}\"},\"query-input\":{\"@type\":\"PropertyValueSpecification\",\"valueRequired\":true,\"valueName\":\"search_term_string\"}}],\"inLanguage\":\"ro-RO\"},{\"@type\":\"Organization\",\"@id\":\"https:\/\/e-orthodoxia.gr\/#organization\",\"name\":\"\u039f\u03b4\u03b7\u03b3\u03cc\u03c2 \u0395\u03ba\u03ba\u03bb\u03b7\u03c3\u03b9\u03b1\u03c3\u03c4\u03b9\u03ba\u03ae\u03c2 \u03a4\u03ad\u03c7\u03bd\u03b7\u03c2 \u039f\u03a1\u0398\u039f\u0394\u039f\u039e\u0399\u0391\",\"url\":\"https:\/\/e-orthodoxia.gr\/\",\"logo\":{\"@type\":\"ImageObject\",\"inLanguage\":\"ro-RO\",\"@id\":\"https:\/\/e-orthodoxia.gr\/#\/schema\/logo\/image\/\",\"url\":\"https:\/\/e-orthodoxia.gr\/wp-content\/uploads\/2024\/03\/e-logo-black500.png\",\"contentUrl\":\"https:\/\/e-orthodoxia.gr\/wp-content\/uploads\/2024\/03\/e-logo-black500.png\",\"width\":500,\"height\":92,\"caption\":\"\u039f\u03b4\u03b7\u03b3\u03cc\u03c2 \u0395\u03ba\u03ba\u03bb\u03b7\u03c3\u03b9\u03b1\u03c3\u03c4\u03b9\u03ba\u03ae\u03c2 \u03a4\u03ad\u03c7\u03bd\u03b7\u03c2 \u039f\u03a1\u0398\u039f\u0394\u039f\u039e\u0399\u0391\"},\"image\":{\"@id\":\"https:\/\/e-orthodoxia.gr\/#\/schema\/logo\/image\/\"}}]}<\/script>\n<!-- \/ Yoast SEO plugin. -->","yoast_head_json":{"title":"Informa\u021bii despre publicitate - ORTHODOXIA rt\u0103 ecleziastic\u0103 Ghid","robots":{"index":"index","follow":"follow","max-snippet":"max-snippet:-1","max-image-preview":"max-image-preview:large","max-video-preview":"max-video-preview:-1"},"canonical":"https:\/\/e-orthodoxia.gr\/ro\/informatii-despre-publicitate\/","og_locale":"ro_RO","og_type":"article","og_title":"Informa\u021bii despre publicitate - ORTHODOXIA rt\u0103 ecleziastic\u0103 Ghid","og_description":"[vc_row][vc_column width=&#8221;2\/3&#8243;][vc_custom_heading text=&#8221;Dac\u0103 sunte\u021bi creator de obiecte ecleziastice, dac\u0103 sunte\u021bi implicat \u00een arta plastic\u0103 sau dac\u0103 sunte\u021bi comerciant, v\u0103 oferim canalul unei promov\u0103ri dinamice cuprinz\u0103toare pe pia\u021ba extrem de competitiv\u0103 a artei ecleziastice.&#8221; font_container=&#8221;tag:h2|font_size:15pt|text_align:left&#8221; google_fonts=&#8221;font_family:Tinos%3Aregular%2Citalic%2C700%2C700italic|font_style:400%20regular%3A400%3Anormal&#8221;][vc_custom_heading text=&#8221;Pentru mai multe informa\u021bii, v\u0103 rug\u0103m s\u0103 ne contacta\u021bi prin telefon la num\u0103rul +30 210 9576100 sau prin email:mail@atou.gr&#8221; font_container=&#8221;tag:h2|font_size:15pt|text_align:left&#8221; [&hellip;]","og_url":"https:\/\/e-orthodoxia.gr\/ro\/informatii-despre-publicitate\/","og_site_name":"ORTHODOXIA rt\u0103 ecleziastic\u0103 Ghid","article_modified_time":"2025-02-11T14:53:41+00:00","twitter_card":"summary_large_image","twitter_misc":{"Timp estimat pentru citire":"1 minut"},"schema":{"@context":"https:\/\/schema.org","@graph":[{"@type":"WebPage","@id":"https:\/\/e-orthodoxia.gr\/ro\/informatii-despre-publicitate\/","url":"https:\/\/e-orthodoxia.gr\/ro\/informatii-despre-publicitate\/","name":"Informa\u021bii despre publicitate - ORTHODOXIA rt\u0103 ecleziastic\u0103 Ghid","isPartOf":{"@id":"https:\/\/e-orthodoxia.gr\/#website"},"datePublished":"2024-03-13T09:46:37+00:00","dateModified":"2025-02-11T14:53:41+00:00","breadcrumb":{"@id":"https:\/\/e-orthodoxia.gr\/ro\/informatii-despre-publicitate\/#breadcrumb"},"inLanguage":"ro-RO","potentialAction":[{"@type":"ReadAction","target":["https:\/\/e-orthodoxia.gr\/ro\/informatii-despre-publicitate\/"]}]},{"@type":"BreadcrumbList","@id":"https:\/\/e-orthodoxia.gr\/ro\/informatii-despre-publicitate\/#breadcrumb","itemListElement":[{"@type":"ListItem","position":1,"name":"\u0391\u03c1\u03c7\u03b9\u03ba\u03ae","item":"https:\/\/e-orthodoxia.gr\/ro\/"},{"@type":"ListItem","position":2,"name":"Informa\u021bii despre publicitate"}]},{"@type":"WebSite","@id":"https:\/\/e-orthodoxia.gr\/#website","url":"https:\/\/e-orthodoxia.gr\/","name":"\u039f\u03b4\u03b7\u03b3\u03cc\u03c2 \u0395\u03ba\u03ba\u03bb\u03b7\u03c3\u03b9\u03b1\u03c3\u03c4\u03b9\u03ba\u03ae\u03c2 \u03a4\u03ad\u03c7\u03bd\u03b7\u03c2 \u039f\u03a1\u0398\u039f\u0394\u039f\u039e\u0399\u0391","description":"","publisher":{"@id":"https:\/\/e-orthodoxia.gr\/#organization"},"potentialAction":[{"@type":"SearchAction","target":{"@type":"EntryPoint","urlTemplate":"https:\/\/e-orthodoxia.gr\/?s={search_term_string}"},"query-input":{"@type":"PropertyValueSpecification","valueRequired":true,"valueName":"search_term_string"}}],"inLanguage":"ro-RO"},{"@type":"Organization","@id":"https:\/\/e-orthodoxia.gr\/#organization","name":"\u039f\u03b4\u03b7\u03b3\u03cc\u03c2 \u0395\u03ba\u03ba\u03bb\u03b7\u03c3\u03b9\u03b1\u03c3\u03c4\u03b9\u03ba\u03ae\u03c2 \u03a4\u03ad\u03c7\u03bd\u03b7\u03c2 \u039f\u03a1\u0398\u039f\u0394\u039f\u039e\u0399\u0391","url":"https:\/\/e-orthodoxia.gr\/","logo":{"@type":"ImageObject","inLanguage":"ro-RO","@id":"https:\/\/e-orthodoxia.gr\/#\/schema\/logo\/image\/","url":"https:\/\/e-orthodoxia.gr\/wp-content\/uploads\/2024\/03\/e-logo-black500.png","contentUrl":"https:\/\/e-orthodoxia.gr\/wp-content\/uploads\/2024\/03\/e-logo-black500.png","width":500,"height":92,"caption":"\u039f\u03b4\u03b7\u03b3\u03cc\u03c2 \u0395\u03ba\u03ba\u03bb\u03b7\u03c3\u03b9\u03b1\u03c3\u03c4\u03b9\u03ba\u03ae\u03c2 \u03a4\u03ad\u03c7\u03bd\u03b7\u03c2 \u039f\u03a1\u0398\u039f\u0394\u039f\u039e\u0399\u0391"},"image":{"@id":"https:\/\/e-orthodoxia.gr\/#\/schema\/logo\/image\/"}}]}},"_links":{"self":[{"href":"https:\/\/e-orthodoxia.gr\/ro\/wp-json\/wp\/v2\/pages\/2454","targetHints":{"allow":["GET"]}}],"collection":[{"href":"https:\/\/e-orthodoxia.gr\/ro\/wp-json\/wp\/v2\/pages"}],"about":[{"href":"https:\/\/e-orthodoxia.gr\/ro\/wp-json\/wp\/v2\/types\/page"}],"author":[{"embeddable":true,"href":"https:\/\/e-orthodoxia.gr\/ro\/wp-json\/wp\/v2\/users\/1"}],"replies":[{"embeddable":true,"href":"https:\/\/e-orthodoxia.gr\/ro\/wp-json\/wp\/v2\/comments?post=2454"}],"version-history":[{"count":6,"href":"https:\/\/e-orthodoxia.gr\/ro\/wp-json\/wp\/v2\/pages\/2454\/revisions"}],"predecessor-version":[{"id":4706,"href":"https:\/\/e-orthodoxia.gr\/ro\/wp-json\/wp\/v2\/pages\/2454\/revisions\/4706"}],"wp:attachment":[{"href":"https:\/\/e-orthodoxia.gr\/ro\/wp-json\/wp\/v2\/media?parent=2454"}],"curies":[{"name":"wp","href":"https:\/\/api.w.org\/{rel}","templated":true}]}}