{"id":2463,"date":"2024-03-13T11:50:47","date_gmt":"2024-03-13T09:50:47","guid":{"rendered":"https:\/\/e-orthodoxia.gr\/profil\/"},"modified":"2025-02-11T16:42:32","modified_gmt":"2025-02-11T14:42:32","slug":"profil","status":"publish","type":"page","link":"https:\/\/e-orthodoxia.gr\/ro\/profil\/","title":{"rendered":"Profil"},"content":{"rendered":"<div class=\"wpb-content-wrapper\"><p>[vc_row][vc_column width=&#8221;2\/3&#8243; offset=&#8221;vc_col-lg-12&#8243;][vc_custom_heading text=&#8221;Un pas \u00eenainte \u00een domeniul inform\u0103rii!&#8221; font_container=&#8221;tag:h1|font_size:20pt|text_align:left&#8221; google_fonts=&#8221;font_family:Tinos%3Aregular%2Citalic%2C700%2C700italic|font_style:400%20regular%3A400%3Anormal&#8221; css=&#8221;&#8221;][vc_custom_heading text=&#8221;e-orthodoxia.gr s-a schimbat, s-a \u00eennoit, urm\u0103rind evolu\u021bia \u00een informarea dumneavoastr\u0103 cu un con\u021binut care prezint\u0103 toate categoriile de articole ecleziastice. C\u0103utarea rapid\u0103 \u0219i u\u0219oar\u0103 eviden\u021biaz\u0103 arta bisericeasc\u0103 pe computer, tablet\u0103 sau pe telefonul mobil. \u00cen afar\u0103 de limba greac\u0103, acum, pentru prima dat\u0103, \u00eentreaga versiune electronic\u0103 este disponibil\u0103 \u00een limbile rom\u00e2n\u0103 \u0219i englez\u0103. De 17 ani circul\u0103 \u00een cele mai mari centre ale ORTODOXIEI &#8222;din \u00eentreaga lume&#8222; ca o surs\u0103 de informa\u021bii de autoritate unic\u0103 \u0219i complet\u0103, acum \u0219i \u00een limba rom\u00e2n\u0103.&#8221; font_container=&#8221;tag:h2|font_size:15pt|text_align:left&#8221; google_fonts=&#8221;font_family:Tinos%3Aregular%2Citalic%2C700%2C700italic|font_style:400%20regular%3A400%3Anormal&#8221; css=&#8221;&#8221;][\/vc_column][\/vc_row][vc_row disable_element=&#8221;yes&#8221; vc_row_background=&#8221;&#8221;][vc_column][vc_custom_heading text=&#8221;Informa\u021bii publicitare&#8221; font_container=&#8221;tag:h2|font_size:24pt|text_align:left&#8221; google_fonts=&#8221;font_family:Tinos%3Aregular%2Citalic%2C700%2C700italic|font_style:400%20regular%3A400%3Anormal&#8221;][\/vc_column][\/vc_row]<\/p>\n<\/div>","protected":false},"excerpt":{"rendered":"<p>[vc_row][vc_column width=&#8221;2\/3&#8243; offset=&#8221;vc_col-lg-12&#8243;][vc_custom_heading text=&#8221;Un pas \u00eenainte \u00een domeniul inform\u0103rii!&#8221; font_container=&#8221;tag:h1|font_size:20pt|text_align:left&#8221; google_fonts=&#8221;font_family:Tinos%3Aregular%2Citalic%2C700%2C700italic|font_style:400%20regular%3A400%3Anormal&#8221; css=&#8221;&#8221;][vc_custom_heading text=&#8221;e-orthodoxia.gr s-a schimbat, s-a \u00eennoit, urm\u0103rind evolu\u021bia \u00een informarea dumneavoastr\u0103 cu un con\u021binut care prezint\u0103 toate categoriile de articole ecleziastice. C\u0103utarea rapid\u0103 \u0219i u\u0219oar\u0103 eviden\u021biaz\u0103 arta bisericeasc\u0103 pe computer, tablet\u0103 sau pe telefonul mobil. \u00cen afar\u0103 de limba greac\u0103, acum, pentru prima dat\u0103, [&hellip;]<\/p>\n","protected":false},"author":1,"featured_media":0,"parent":0,"menu_order":0,"comment_status":"closed","ping_status":"closed","template":"","meta":{"jnews_page_loop":{"first_title":"Latest Post","header_type":"heading_6","layout":"right-sidebar","sidebar":"default-sidebar","second_sidebar":"default-sidebar","sticky_sidebar":"1","module":"3","excerpt_length":"20","content_date":"default","date_custom":"Y\/m\/d","content_pagination":"nav_1","pagination_align":"center","post_sticky":"0","post_offset":"0","posts_per_page":"5","sort_by":"latest"},"jnews_single_page":{"layout":"no-sidebar","sidebar":"default-sidebar","second_sidebar":"default-sidebar","sticky_sidebar":"1","show_post_title":"1","show_post_breadcrumbs":"0","show_post_featured":"0","share_position":"hide","share_color":"share-monocrhome"},"footnotes":""},"class_list":["post-2463","page","type-page","status-publish","hentry"],"yoast_head":"<!-- This site is optimized with the Yoast SEO plugin v25.4 - https:\/\/yoast.com\/wordpress\/plugins\/seo\/ -->\n<title>Profil - ORTHODOXIA rt\u0103 ecleziastic\u0103 Ghid<\/title>\n<meta name=\"robots\" content=\"index, follow, max-snippet:-1, max-image-preview:large, max-video-preview:-1\" \/>\n<link rel=\"canonical\" href=\"https:\/\/e-orthodoxia.gr\/ro\/profil\/\" \/>\n<meta property=\"og:locale\" content=\"ro_RO\" \/>\n<meta property=\"og:type\" content=\"article\" \/>\n<meta property=\"og:title\" content=\"Profil - ORTHODOXIA rt\u0103 ecleziastic\u0103 Ghid\" \/>\n<meta property=\"og:description\" content=\"[vc_row][vc_column width=&#8221;2\/3&#8243; offset=&#8221;vc_col-lg-12&#8243;][vc_custom_heading text=&#8221;Un pas \u00eenainte \u00een domeniul inform\u0103rii!&#8221; font_container=&#8221;tag:h1|font_size:20pt|text_align:left&#8221; google_fonts=&#8221;font_family:Tinos%3Aregular%2Citalic%2C700%2C700italic|font_style:400%20regular%3A400%3Anormal&#8221; css=&#8221;&#8221;][vc_custom_heading text=&#8221;e-orthodoxia.gr s-a schimbat, s-a \u00eennoit, urm\u0103rind evolu\u021bia \u00een informarea dumneavoastr\u0103 cu un con\u021binut care prezint\u0103 toate categoriile de articole ecleziastice. C\u0103utarea rapid\u0103 \u0219i u\u0219oar\u0103 eviden\u021biaz\u0103 arta bisericeasc\u0103 pe computer, tablet\u0103 sau pe telefonul mobil. \u00cen afar\u0103 de limba greac\u0103, acum, pentru prima dat\u0103, [&hellip;]\" \/>\n<meta property=\"og:url\" content=\"https:\/\/e-orthodoxia.gr\/ro\/profil\/\" \/>\n<meta property=\"og:site_name\" content=\"ORTHODOXIA rt\u0103 ecleziastic\u0103 Ghid\" \/>\n<meta property=\"article:modified_time\" content=\"2025-02-11T14:42:32+00:00\" \/>\n<meta name=\"twitter:card\" content=\"summary_large_image\" \/>\n<meta name=\"twitter:label1\" content=\"Timp estimat pentru citire\" \/>\n\t<meta name=\"twitter:data1\" content=\"1 minut\" \/>\n<script type=\"application\/ld+json\" class=\"yoast-schema-graph\">{\"@context\":\"https:\/\/schema.org\",\"@graph\":[{\"@type\":\"WebPage\",\"@id\":\"https:\/\/e-orthodoxia.gr\/ro\/profil\/\",\"url\":\"https:\/\/e-orthodoxia.gr\/ro\/profil\/\",\"name\":\"Profil - ORTHODOXIA rt\u0103 ecleziastic\u0103 Ghid\",\"isPartOf\":{\"@id\":\"https:\/\/e-orthodoxia.gr\/#website\"},\"datePublished\":\"2024-03-13T09:50:47+00:00\",\"dateModified\":\"2025-02-11T14:42:32+00:00\",\"breadcrumb\":{\"@id\":\"https:\/\/e-orthodoxia.gr\/ro\/profil\/#breadcrumb\"},\"inLanguage\":\"ro-RO\",\"potentialAction\":[{\"@type\":\"ReadAction\",\"target\":[\"https:\/\/e-orthodoxia.gr\/ro\/profil\/\"]}]},{\"@type\":\"BreadcrumbList\",\"@id\":\"https:\/\/e-orthodoxia.gr\/ro\/profil\/#breadcrumb\",\"itemListElement\":[{\"@type\":\"ListItem\",\"position\":1,\"name\":\"\u0391\u03c1\u03c7\u03b9\u03ba\u03ae\",\"item\":\"https:\/\/e-orthodoxia.gr\/ro\/\"},{\"@type\":\"ListItem\",\"position\":2,\"name\":\"Profil\"}]},{\"@type\":\"WebSite\",\"@id\":\"https:\/\/e-orthodoxia.gr\/#website\",\"url\":\"https:\/\/e-orthodoxia.gr\/\",\"name\":\"\u039f\u03b4\u03b7\u03b3\u03cc\u03c2 \u0395\u03ba\u03ba\u03bb\u03b7\u03c3\u03b9\u03b1\u03c3\u03c4\u03b9\u03ba\u03ae\u03c2 \u03a4\u03ad\u03c7\u03bd\u03b7\u03c2 \u039f\u03a1\u0398\u039f\u0394\u039f\u039e\u0399\u0391\",\"description\":\"\",\"publisher\":{\"@id\":\"https:\/\/e-orthodoxia.gr\/#organization\"},\"potentialAction\":[{\"@type\":\"SearchAction\",\"target\":{\"@type\":\"EntryPoint\",\"urlTemplate\":\"https:\/\/e-orthodoxia.gr\/?s={search_term_string}\"},\"query-input\":{\"@type\":\"PropertyValueSpecification\",\"valueRequired\":true,\"valueName\":\"search_term_string\"}}],\"inLanguage\":\"ro-RO\"},{\"@type\":\"Organization\",\"@id\":\"https:\/\/e-orthodoxia.gr\/#organization\",\"name\":\"\u039f\u03b4\u03b7\u03b3\u03cc\u03c2 \u0395\u03ba\u03ba\u03bb\u03b7\u03c3\u03b9\u03b1\u03c3\u03c4\u03b9\u03ba\u03ae\u03c2 \u03a4\u03ad\u03c7\u03bd\u03b7\u03c2 \u039f\u03a1\u0398\u039f\u0394\u039f\u039e\u0399\u0391\",\"url\":\"https:\/\/e-orthodoxia.gr\/\",\"logo\":{\"@type\":\"ImageObject\",\"inLanguage\":\"ro-RO\",\"@id\":\"https:\/\/e-orthodoxia.gr\/#\/schema\/logo\/image\/\",\"url\":\"https:\/\/e-orthodoxia.gr\/wp-content\/uploads\/2024\/03\/e-logo-black500.png\",\"contentUrl\":\"https:\/\/e-orthodoxia.gr\/wp-content\/uploads\/2024\/03\/e-logo-black500.png\",\"width\":500,\"height\":92,\"caption\":\"\u039f\u03b4\u03b7\u03b3\u03cc\u03c2 \u0395\u03ba\u03ba\u03bb\u03b7\u03c3\u03b9\u03b1\u03c3\u03c4\u03b9\u03ba\u03ae\u03c2 \u03a4\u03ad\u03c7\u03bd\u03b7\u03c2 \u039f\u03a1\u0398\u039f\u0394\u039f\u039e\u0399\u0391\"},\"image\":{\"@id\":\"https:\/\/e-orthodoxia.gr\/#\/schema\/logo\/image\/\"}}]}<\/script>\n<!-- \/ Yoast SEO plugin. -->","yoast_head_json":{"title":"Profil - ORTHODOXIA rt\u0103 ecleziastic\u0103 Ghid","robots":{"index":"index","follow":"follow","max-snippet":"max-snippet:-1","max-image-preview":"max-image-preview:large","max-video-preview":"max-video-preview:-1"},"canonical":"https:\/\/e-orthodoxia.gr\/ro\/profil\/","og_locale":"ro_RO","og_type":"article","og_title":"Profil - ORTHODOXIA rt\u0103 ecleziastic\u0103 Ghid","og_description":"[vc_row][vc_column width=&#8221;2\/3&#8243; offset=&#8221;vc_col-lg-12&#8243;][vc_custom_heading text=&#8221;Un pas \u00eenainte \u00een domeniul inform\u0103rii!&#8221; font_container=&#8221;tag:h1|font_size:20pt|text_align:left&#8221; google_fonts=&#8221;font_family:Tinos%3Aregular%2Citalic%2C700%2C700italic|font_style:400%20regular%3A400%3Anormal&#8221; css=&#8221;&#8221;][vc_custom_heading text=&#8221;e-orthodoxia.gr s-a schimbat, s-a \u00eennoit, urm\u0103rind evolu\u021bia \u00een informarea dumneavoastr\u0103 cu un con\u021binut care prezint\u0103 toate categoriile de articole ecleziastice. C\u0103utarea rapid\u0103 \u0219i u\u0219oar\u0103 eviden\u021biaz\u0103 arta bisericeasc\u0103 pe computer, tablet\u0103 sau pe telefonul mobil. \u00cen afar\u0103 de limba greac\u0103, acum, pentru prima dat\u0103, [&hellip;]","og_url":"https:\/\/e-orthodoxia.gr\/ro\/profil\/","og_site_name":"ORTHODOXIA rt\u0103 ecleziastic\u0103 Ghid","article_modified_time":"2025-02-11T14:42:32+00:00","twitter_card":"summary_large_image","twitter_misc":{"Timp estimat pentru citire":"1 minut"},"schema":{"@context":"https:\/\/schema.org","@graph":[{"@type":"WebPage","@id":"https:\/\/e-orthodoxia.gr\/ro\/profil\/","url":"https:\/\/e-orthodoxia.gr\/ro\/profil\/","name":"Profil - ORTHODOXIA rt\u0103 ecleziastic\u0103 Ghid","isPartOf":{"@id":"https:\/\/e-orthodoxia.gr\/#website"},"datePublished":"2024-03-13T09:50:47+00:00","dateModified":"2025-02-11T14:42:32+00:00","breadcrumb":{"@id":"https:\/\/e-orthodoxia.gr\/ro\/profil\/#breadcrumb"},"inLanguage":"ro-RO","potentialAction":[{"@type":"ReadAction","target":["https:\/\/e-orthodoxia.gr\/ro\/profil\/"]}]},{"@type":"BreadcrumbList","@id":"https:\/\/e-orthodoxia.gr\/ro\/profil\/#breadcrumb","itemListElement":[{"@type":"ListItem","position":1,"name":"\u0391\u03c1\u03c7\u03b9\u03ba\u03ae","item":"https:\/\/e-orthodoxia.gr\/ro\/"},{"@type":"ListItem","position":2,"name":"Profil"}]},{"@type":"WebSite","@id":"https:\/\/e-orthodoxia.gr\/#website","url":"https:\/\/e-orthodoxia.gr\/","name":"\u039f\u03b4\u03b7\u03b3\u03cc\u03c2 \u0395\u03ba\u03ba\u03bb\u03b7\u03c3\u03b9\u03b1\u03c3\u03c4\u03b9\u03ba\u03ae\u03c2 \u03a4\u03ad\u03c7\u03bd\u03b7\u03c2 \u039f\u03a1\u0398\u039f\u0394\u039f\u039e\u0399\u0391","description":"","publisher":{"@id":"https:\/\/e-orthodoxia.gr\/#organization"},"potentialAction":[{"@type":"SearchAction","target":{"@type":"EntryPoint","urlTemplate":"https:\/\/e-orthodoxia.gr\/?s={search_term_string}"},"query-input":{"@type":"PropertyValueSpecification","valueRequired":true,"valueName":"search_term_string"}}],"inLanguage":"ro-RO"},{"@type":"Organization","@id":"https:\/\/e-orthodoxia.gr\/#organization","name":"\u039f\u03b4\u03b7\u03b3\u03cc\u03c2 \u0395\u03ba\u03ba\u03bb\u03b7\u03c3\u03b9\u03b1\u03c3\u03c4\u03b9\u03ba\u03ae\u03c2 \u03a4\u03ad\u03c7\u03bd\u03b7\u03c2 \u039f\u03a1\u0398\u039f\u0394\u039f\u039e\u0399\u0391","url":"https:\/\/e-orthodoxia.gr\/","logo":{"@type":"ImageObject","inLanguage":"ro-RO","@id":"https:\/\/e-orthodoxia.gr\/#\/schema\/logo\/image\/","url":"https:\/\/e-orthodoxia.gr\/wp-content\/uploads\/2024\/03\/e-logo-black500.png","contentUrl":"https:\/\/e-orthodoxia.gr\/wp-content\/uploads\/2024\/03\/e-logo-black500.png","width":500,"height":92,"caption":"\u039f\u03b4\u03b7\u03b3\u03cc\u03c2 \u0395\u03ba\u03ba\u03bb\u03b7\u03c3\u03b9\u03b1\u03c3\u03c4\u03b9\u03ba\u03ae\u03c2 \u03a4\u03ad\u03c7\u03bd\u03b7\u03c2 \u039f\u03a1\u0398\u039f\u0394\u039f\u039e\u0399\u0391"},"image":{"@id":"https:\/\/e-orthodoxia.gr\/#\/schema\/logo\/image\/"}}]}},"_links":{"self":[{"href":"https:\/\/e-orthodoxia.gr\/ro\/wp-json\/wp\/v2\/pages\/2463","targetHints":{"allow":["GET"]}}],"collection":[{"href":"https:\/\/e-orthodoxia.gr\/ro\/wp-json\/wp\/v2\/pages"}],"about":[{"href":"https:\/\/e-orthodoxia.gr\/ro\/wp-json\/wp\/v2\/types\/page"}],"author":[{"embeddable":true,"href":"https:\/\/e-orthodoxia.gr\/ro\/wp-json\/wp\/v2\/users\/1"}],"replies":[{"embeddable":true,"href":"https:\/\/e-orthodoxia.gr\/ro\/wp-json\/wp\/v2\/comments?post=2463"}],"version-history":[{"count":8,"href":"https:\/\/e-orthodoxia.gr\/ro\/wp-json\/wp\/v2\/pages\/2463\/revisions"}],"predecessor-version":[{"id":4702,"href":"https:\/\/e-orthodoxia.gr\/ro\/wp-json\/wp\/v2\/pages\/2463\/revisions\/4702"}],"wp:attachment":[{"href":"https:\/\/e-orthodoxia.gr\/ro\/wp-json\/wp\/v2\/media?parent=2463"}],"curies":[{"name":"wp","href":"https:\/\/api.w.org\/{rel}","templated":true}]}}